{"id":94,"date":"2018-12-28T12:58:22","date_gmt":"2018-12-28T12:58:22","guid":{"rendered":"http:\/\/www.blasorchester-meckenheim.de\/?page_id=94"},"modified":"2023-11-22T20:35:26","modified_gmt":"2023-11-22T20:35:26","slug":"mitmachen","status":"publish","type":"page","link":"https:\/\/www.blasorchester-meckenheim.de\/?page_id=94","title":{"rendered":"Spiel mit!"},"content":{"rendered":"\n<p>Wenn du\u2026<br>\u2026 ein Blasinstrument oder Schlagwerk spielst<br>\u2026 fr\u00fcher mal ein Blasinstrument oder Schlagwerk gespielt hast und es dich mal wieder in den Fingern juckt<br>\u2026 Spa\u00df am gemeinschaftlichen musizieren hast<br>\u2026 Lust auf gehobene sinfonische Blasmusik hast<br><strong>dann komm einfach mal vorbei!<\/strong><\/p>\n\n\n\n<p>Wir freuen uns auf Jede und Jeden, der mal reinschnuppern m\u00f6chte!<br>Bei einem entspannten und gleichzeitig konzentrierten Probenklima, aber auch gemeinsamen au\u00dfermusikalischen Aktivit\u00e4ten f\u00e4llt es dir sicherlich leicht, schnell Teil unserer Orchesterfamilie zu werden.<\/p>\n\n\n\n<figure class=\"wp-block-image\"><a href=\"http:\/\/www.blasorchester-meckenheim.de\/wp-content\/uploads\/2018\/12\/Gesamtbild_mitmachen.jpg\" target=\"_blank\" rel=\"noreferrer noopener\"><img decoding=\"async\" loading=\"lazy\" width=\"1024\" height=\"707\" src=\"http:\/\/www.blasorchester-meckenheim.de\/wp-content\/uploads\/2018\/12\/Gesamtbild_mitmachen-1024x707.jpg\" alt=\"\" class=\"wp-image-95\" srcset=\"https:\/\/www.blasorchester-meckenheim.de\/wp-content\/uploads\/2018\/12\/Gesamtbild_mitmachen.jpg 1024w, https:\/\/www.blasorchester-meckenheim.de\/wp-content\/uploads\/2018\/12\/Gesamtbild_mitmachen-300x207.jpg 300w, https:\/\/www.blasorchester-meckenheim.de\/wp-content\/uploads\/2018\/12\/Gesamtbild_mitmachen-768x530.jpg 768w\" sizes=\"(max-width: 1024px) 100vw, 1024px\" \/><\/a><\/figure>\n\n\n\n<p><strong>Die Proben finden immer donnerstags von 19:45 \u2013 21:45Uhr in unserem <a rel=\"noreferrer noopener\" href=\"https:\/\/www.google.de\/maps\/place\/B\u00f6hler+Stra\u00dfe+5\/@49.40284,8.24522,17z\/data=!3m1!4b1!4m2!3m1!1s0x4796360757cfe713:0x6b655959ccd193b1?hl=de\" target=\"_blank\">Proberaum<\/a> in der Flakhalle in der B\u00f6hler Str. 5 in Meckenheim statt.<\/strong><\/p>\n\n\n\n<p>Bei Fragen schreibe uns eine E-Mail (siehe Kontakt) oder komme einfach zu den Probezeiten vorbei!<\/p>\n","protected":false},"excerpt":{"rendered":"<p>Wenn du\u2026\u2026 ein Blasinstrument oder Schlagwerk spielst\u2026 fr\u00fcher mal ein Blasinstrument oder Schlagwerk gespielt hast und es dich mal wieder in den Fingern juckt\u2026 Spa\u00df am gemeinschaftlichen musizieren hast\u2026 Lust auf gehobene sinfonische Blasmusik hastdann komm einfach mal vorbei! Wir freuen uns auf Jede und Jeden, der mal reinschnuppern m\u00f6chte!Bei einem entspannten und gleichzeitig konzentrierten [&hellip;]<\/p>\n","protected":false},"author":1,"featured_media":0,"parent":0,"menu_order":0,"comment_status":"closed","ping_status":"closed","template":"","meta":[],"_links":{"self":[{"href":"https:\/\/www.blasorchester-meckenheim.de\/index.php?rest_route=\/wp\/v2\/pages\/94"}],"collection":[{"href":"https:\/\/www.blasorchester-meckenheim.de\/index.php?rest_route=\/wp\/v2\/pages"}],"about":[{"href":"https:\/\/www.blasorchester-meckenheim.de\/index.php?rest_route=\/wp\/v2\/types\/page"}],"author":[{"embeddable":true,"href":"https:\/\/www.blasorchester-meckenheim.de\/index.php?rest_route=\/wp\/v2\/users\/1"}],"replies":[{"embeddable":true,"href":"https:\/\/www.blasorchester-meckenheim.de\/index.php?rest_route=%2Fwp%2Fv2%2Fcomments&post=94"}],"version-history":[{"count":6,"href":"https:\/\/www.blasorchester-meckenheim.de\/index.php?rest_route=\/wp\/v2\/pages\/94\/revisions"}],"predecessor-version":[{"id":292,"href":"https:\/\/www.blasorchester-meckenheim.de\/index.php?rest_route=\/wp\/v2\/pages\/94\/revisions\/292"}],"wp:attachment":[{"href":"https:\/\/www.blasorchester-meckenheim.de\/index.php?rest_route=%2Fwp%2Fv2%2Fmedia&parent=94"}],"curies":[{"name":"wp","href":"https:\/\/api.w.org\/{rel}","templated":true}]}}