{"id":72,"date":"2018-12-28T12:38:23","date_gmt":"2018-12-28T12:38:23","guid":{"rendered":"http:\/\/neu.blasorchester-meckenheim.de\/?page_id=72"},"modified":"2018-12-28T14:17:14","modified_gmt":"2018-12-28T14:17:14","slug":"impressum","status":"publish","type":"page","link":"https:\/\/www.blasorchester-meckenheim.de\/?page_id=72","title":{"rendered":"Impressum"},"content":{"rendered":"\n<p><strong>Angaben gem\u00e4\u00df \u00a7 5 TMG<\/strong>:<\/p>\n\n\n\n<p>SV05 Meckenheim<br>Lugny-Allee 10<br>67149 Meckenheim<\/p>\n\n\n\n<p><strong>Vertreten durch<\/strong>:<br>1.Vorsitzender : Udo D\u00f6rr<br>2.Vorsitzender : Detlef Greuling<\/p>\n\n\n\n<p><strong>Verantwortlich f\u00fcr den Inhalt<\/strong>:<br>Arno Paulus<br><br><strong>Kontakt:<br><\/strong>Telefon: 06326\/6778<br>E-Mail:&nbsp;<a href=\"mailto:arno.paulus@blasorchester-meckenheim.de\">arno.paulus@blasorchester-meckenheim.de<\/a><\/p>\n\n\n\n<p><strong>Registereintrag<\/strong>:<br>Eintragung im Vereinsregister. Registergericht: Ludwigshafen, Registernummer: VR 10336<\/p>\n\n\n\n<p><strong>Umsatzsteuer:<\/strong><br>Umsatzsteuer-Identifikationsnummer gem\u00e4\u00df \u00a727 a Umsatzsteuergesetz: 31\/668\/00044<br><br><\/p>\n\n\n\n<p><strong>Streitschlichtung<\/strong><br>Die Europ\u00e4ische Kommission \nstellt eine Plattform zur Online-Streitbeilegung (OS) bereit: \nhttps:\/\/ec.europa.eu\/consumers\/odr Unsere E-Mail-Adresse finden Sie oben\n im Impressum. Wir sind nicht bereit oder verpflichtet, an \nStreitbeilegungsverfahren vor einer Verbraucherschlichtungsstelle \nteilzunehmen.<\/p>\n\n\n\n<p><strong>Haftung f\u00fcr Inhalte<\/strong><br>Als Dienstanbieter sind wir \ngem\u00e4\u00df \u00a7 7 Abs.1 TMG f\u00fcr eigene Inhalte auf diesen Seiten nach den \nallgemeinen Gesetzen verantwortlich. Nach \u00a7\u00a7 8 bis 10 TMG sind wir als \nDienstanbieter jedoch nicht verpflichtet, \u00fcbermittelte oder gespeicherte\n fremde Informationen zu \u00fcberwachen oder nach Umst\u00e4nden zu forschen, die\n auf eine rechtswidrige T\u00e4tigkeit hinweisen. Verpflichtungen zur \nEntfernung oder Sperrung der Nutzung von Informationen nach den \nallgemeinen Gesetzen bleiben hiervon unber\u00fchrt. Eine diesbez\u00fcgliche \nHaftung ist jedoch erst ab dem Zeitpunkt der Kenntnis einer konkreten \nRechtsverletzung m\u00f6glich. Bei Bekanntwerden von entsprechenden \nRechtsverletzungen werden wir diese Inhalte umgehend entfernen.<\/p>\n\n\n\n<p><strong>Haftung f\u00fcr Links<\/strong><br>Unser Angebot enth\u00e4lt Links zu \nexternen Websites Dritter, auf deren Inhalte wir keinen Einfluss haben. \nDeshalb k\u00f6nnen wir f\u00fcr diese fremden Inhalte auch keine Gew\u00e4hr \n\u00fcbernehmen. F\u00fcr die Inhalte der verlinkten Seiten ist stets der \njeweilige Anbieter oder Betreiber der Seiten verantwortlich. Die \nverlinkten Seiten wurden zum Zeitpunkt der Verlinkung auf m\u00f6gliche \nRechtsverst\u00f6\u00dfe \u00fcberpr\u00fcft. Rechtswidrige Inhalte waren zum Zeitpunkt der \nVerlinkung nicht erkennbar. Eine permanente inhaltliche Kontrolle der \nverlinkten Seiten ist jedoch ohne konkrete Anhaltspunkte einer \nRechtsverletzung nicht zumutbar. Bei Bekanntwerden von \nRechtsverletzungen werden wir derartige Links umgehend entfernen.<\/p>\n\n\n\n<p><strong>Urheberrecht<\/strong><br>Die durch die Seitenbetreiber \nerstellten Inhalte und Werke auf diesen Seiten unterliegen dem deutschen\n Urheberrecht. Die Vervielf\u00e4ltigung, Bearbeitung, Verbreitung und jede \nArt der Verwertung au\u00dferhalb der Grenzen des Urheberrechtes bed\u00fcrfen der\n schriftlichen Zustimmung des jeweiligen Autors bzw. Erstellers. \nDownloads und Kopien dieser Seite sind nur f\u00fcr den privaten, nicht \nkommerziellen Gebrauch gestattet. Soweit die Inhalte auf dieser Seite \nnicht vom Betreiber erstellt wurden, werden die Urheberrechte Dritter \nbeachtet. Insbesondere werden Inhalte Dritter als solche gekennzeichnet.\n Sollten Sie trotzdem auf ine Urheberrechtsverletzung aufmerksam werden,\n bitten wir um einen entsprechenden Hinweis. Bei Bekanntwerden von \nRechtsverletzungen werden wir derartige Inhalte umgehend entfernen.<\/p>\n\n\n\n<p>Quelle: e-recht24.de<\/p>\n\n\n\n<p><strong>Datenschutzerkl\u00e4rung<\/strong><\/p>\n\n\n\n<p><strong>Cookies<\/strong><br>Die Internetseiten verwenden teilweise so\n genannte Cookies. Cookies richten auf Ihrem Rechner keinen Schaden an \nund enthalten keine Viren. Cookies dienen dazu, unser Angebot \nnutzerfreundlicher, effektiver und sicherer zu machen. Cookies sind \nkleine Textdateien, die auf Ihrem Rechner abgelegt werden und die Ihr \nBrowser speichert. Die meisten der von uns verwendeten Cookies sind so \ngenannte \u201eSession-Cookies\u201c. Sie werden nach Ende Ihres Besuchs \nautomatisch gel\u00f6scht. Andere Cookies bleiben auf Ihrem Endger\u00e4t \ngespeichert, bis Sie diese l\u00f6schen. Diese Cookies erm\u00f6glichen es uns, \nIhren Browser beim n\u00e4chsten Besuch wiederzuerkennen. Sie k\u00f6nnen Ihren \nBrowser so einstellen, dass Sie \u00fcber das Setzen von Cookies informiert \nwerden und Cookies nur im Einzelfall erlauben, die Annahme von Cookies \nf\u00fcr bestimmte F\u00e4lle oder generell ausschlie\u00dfen sowie das automatische \nL\u00f6schen der Cookies beim Schlie\u00dfen des Browser aktivieren. Bei der \nDeaktivierung von Cookies kann die Funktionalit\u00e4t dieser Website \neingeschr\u00e4nkt sein.<\/p>\n\n\n\n<p><strong>Server-Log-Files<\/strong><br>Der Provider der Seiten erhebt \nund speichert automatisch Informationen in so genannten Server-Log \nFiles, die Ihr Browser automatisch an unseren Provider \u00fcbermittelt. Dies\n sind:<\/p>\n\n\n\n<ul><li>Browsertyp und Browserversion<\/li><li>verwendetes Betriebssystem<\/li><li>Referrer URL<\/li><li>Hostname des zugreifenden Rechners<\/li><li>Uhrzeit der Serveranfrage<\/li><\/ul>\n\n\n\n<p>Diese Daten sind nicht bestimmten Personen zuordenbar. Eine \nZusammenf\u00fchrung dieser Daten mit anderen Datenquellen wird von uns nicht\n vorgenommen. Wir behalten uns vor, diese Daten nachtr\u00e4glich zu pr\u00fcfen, \nwenn uns konkrete Anhaltspunkte f\u00fcr eine rechtswidrige Nutzung bekannt \nwerden. Die statistische Auswertung anonymisierter Datens\u00e4tze bleibt \nvorbehalten. Rechtsgrundlage f\u00fcr die Datenerarbeitung ist Art. 6 Abs. 1 \nS. 1 lit. f DSGVO. Das berechtigte Interesse folgt insoweit aus den oben\n aufgelisteten Zwecken zur Datenerhebung. Die anonym erhobenen Daten der\n Server-Logfiles werden stets getrennt von allen durch eine betroffene \nPerson angegebenen personenbezogenen Daten gespeichert.<\/p>\n\n\n\n<p><strong>Facebook-Plugins (Like-Button)<\/strong><br>Auf unseren Seiten\n sind Plugins des sozialen Netzwerks Facebook, Anbieter Facebook Inc., 1\n Hacker Way, Menlo Park, California 94025, USA, integriert. Die \nFacebook-Plugins erkennen Sie an dem Facebook-Logo oder dem \n&#8222;Like-Button&#8220; (&#8222;Gef\u00e4llt mir&#8220;) auf unserer Seite. Eine \u00dcbersicht \u00fcber die\n Facebook-Plugins finden Sie hier:<\/p>\n\n\n\n<figure class=\"wp-block-embed\"><div class=\"wp-block-embed__wrapper\">\nhttps:\/\/developers.facebook.com\/docs\/plugins\/\n<\/div><\/figure>\n\n\n\n<p><br>Wenn Sie unsere Seiten besuchen, wird \u00fcber das Plugin eine \ndirekte Verbindung zwischen Ihrem Browser und dem Facebook-Server \nhergestellt. Facebook erh\u00e4lt dadurch die Information, dass Sie mit Ihrer\n IP-Adresse unsere Seite besucht haben. Wenn Sie den Facebook \n&#8222;Like-Button&#8220; anklicken w\u00e4hrend Sie in Ihrem Facebook-Account eingeloggt\n sind, k\u00f6nnen Sie die Inhalte unserer Seiten auf Ihrem Facebook-Profil \nverlinken. Dadurch kann Facebook den Besuch unserer Seiten Ihrem \nBenutzerkonto zuordnen. Wir weisen darauf hin, dass wir als Anbieter der\n Seiten keine Kenntnis vom Inhalt der \u00fcbermittelten Daten sowie deren \nNutzung durch Facebook erhalten. Weitere Informationen hierzu finden Sie\n in der Datenschutzerkl\u00e4rung von Facebook unter<\/p>\n\n\n\n<figure class=\"wp-block-embed\"><div class=\"wp-block-embed__wrapper\">\nhttps:\/\/de-de.facebook.com\/policy.php\n<\/div><\/figure>\n\n\n\n<p><br>Wenn Sie nicht w\u00fcnschen, dass Facebook den Besuch unserer Seiten \nIhrem Facebook-Nutzerkonto zuordnen kann, loggen Sie sich bitte aus \nIhrem Facebook-Benutzerkonto aus.<\/p>\n\n\n\n<p><strong>Minderj\u00e4hrigenschutz<\/strong><br>Personen unter 18 Jahren \nsollten ohne Zustimmung der Eltern oder Erziehungsberechtigten keine \npersonenbezogenen Daten an uns \u00fcbermitteln. Wir fordern keine \npersonenbezogenen Daten von Kindern und Jugendlichen an. Wissentlich \nsammeln wir solche Daten nicht und geben sie auch nicht an Dritte \nweiter.<\/p>\n\n\n\n<p><strong>Recht auf Auskunft, L\u00f6schung, Sperrung<\/strong><br>Sie haben \njederzeit das Recht auf unentgeltliche Auskunft \u00fcber Ihre gespeicherten \npersonenbezogenen Daten, deren Herkunft und Empf\u00e4nger und den Zweck der \nDatenverarbeitung sowie ein Recht auf Berichtigung, Sperrung oder \nL\u00f6schung dieser Daten. Hierzu sowie zu weiteren Fragen zum Thema \npersonenbezogene Daten k\u00f6nnen Sie sich jederzeit unter der im Impressum \nangegebenen Adresse an uns wenden.<\/p>\n\n\n\n<p><strong>Widerspruch Werbe-Mails<\/strong><br>Der Nutzung von im Rahmen\n der Impressumspflicht ver\u00f6ffentlichten Kontaktdaten zur \u00dcbersendung von\n nicht ausdr\u00fccklich angeforderter Werbung und Informationsmaterialien \nwird hiermit widersprochen. Die Betreiber der Seiten behalten sich \nausdr\u00fccklich rechtliche Schritte im Falle der unverlangten Zusendung von\n Werbeinformationen, etwa durch Spam-E-Mails, vor.<\/p>\n","protected":false},"excerpt":{"rendered":"<p>Angaben gem\u00e4\u00df \u00a7 5 TMG: SV05 MeckenheimLugny-Allee 1067149 Meckenheim Vertreten durch:1.Vorsitzender : Udo D\u00f6rr2.Vorsitzender : Detlef Greuling Verantwortlich f\u00fcr den Inhalt:Arno Paulus Kontakt:Telefon: 06326\/6778E-Mail:&nbsp;arno.paulus@blasorchester-meckenheim.de Registereintrag:Eintragung im Vereinsregister. Registergericht: Ludwigshafen, Registernummer: VR 10336 Umsatzsteuer:Umsatzsteuer-Identifikationsnummer gem\u00e4\u00df \u00a727 a Umsatzsteuergesetz: 31\/668\/00044 StreitschlichtungDie Europ\u00e4ische Kommission stellt eine Plattform zur Online-Streitbeilegung (OS) bereit: https:\/\/ec.europa.eu\/consumers\/odr Unsere E-Mail-Adresse finden Sie oben im [&hellip;]<\/p>\n","protected":false},"author":1,"featured_media":0,"parent":0,"menu_order":0,"comment_status":"closed","ping_status":"closed","template":"onecolumn-page.php","meta":[],"_links":{"self":[{"href":"https:\/\/www.blasorchester-meckenheim.de\/index.php?rest_route=\/wp\/v2\/pages\/72"}],"collection":[{"href":"https:\/\/www.blasorchester-meckenheim.de\/index.php?rest_route=\/wp\/v2\/pages"}],"about":[{"href":"https:\/\/www.blasorchester-meckenheim.de\/index.php?rest_route=\/wp\/v2\/types\/page"}],"author":[{"embeddable":true,"href":"https:\/\/www.blasorchester-meckenheim.de\/index.php?rest_route=\/wp\/v2\/users\/1"}],"replies":[{"embeddable":true,"href":"https:\/\/www.blasorchester-meckenheim.de\/index.php?rest_route=%2Fwp%2Fv2%2Fcomments&post=72"}],"version-history":[{"count":1,"href":"https:\/\/www.blasorchester-meckenheim.de\/index.php?rest_route=\/wp\/v2\/pages\/72\/revisions"}],"predecessor-version":[{"id":73,"href":"https:\/\/www.blasorchester-meckenheim.de\/index.php?rest_route=\/wp\/v2\/pages\/72\/revisions\/73"}],"wp:attachment":[{"href":"https:\/\/www.blasorchester-meckenheim.de\/index.php?rest_route=%2Fwp%2Fv2%2Fmedia&parent=72"}],"curies":[{"name":"wp","href":"https:\/\/api.w.org\/{rel}","templated":true}]}}