{"id":234,"date":"2023-05-05T13:37:52","date_gmt":"2023-05-05T13:37:52","guid":{"rendered":"https:\/\/www.blasorchester-meckenheim.de\/?page_id=234"},"modified":"2024-01-24T19:37:06","modified_gmt":"2024-01-24T19:37:06","slug":"orchester","status":"publish","type":"page","link":"https:\/\/www.blasorchester-meckenheim.de\/?page_id=234","title":{"rendered":"Orchester"},"content":{"rendered":"\n<p>Unser Blasorchester steht f\u00fcr Vielfalt!<br>Wir vereinen Jung und Alt,<br>Holz und Blech,<br>moderne und traditionelle Musik,<br>n\u00fcchterne Proben und weinselige Fr\u00fchschoppen.<\/p>\n\n\n\n<p>Diese Vielfalt zeigt sich auch bei unseren Auftritten. Sie umfassen verschiedenste Anl\u00e4sse. Neben unserem regelm\u00e4\u00dfig im November stattfindenden Jahreskonzert spielen wir vor allem bei Veranstaltungen im Ort, wie zum Beispiel dem Adventssingen, dem Volkstrauertag oder nat\u00fcrlich der G\u00e4sselkerwe, wo wir den traditionellen Fr\u00fchschoppen spielen. So abwechslungsreich wie die Anl\u00e4sse ist auch unser Repertoire. Ob Fliegermarsch und Feuerwehrpolka, Tanz der Vampire und Blues Brothers, ob Morgenstimmung und Der Mond ist aufgegangen oder Udo J\u00fcrgens und Coldplay \u2013 wir treffen immer den richtigen Ton!<br><a href=\"https:\/\/www.blasorchester-meckenheim.de\/?page_id=23\" data-type=\"URL\" data-id=\"https:\/\/www.blasorchester-meckenheim.de\/?page_id=23\">Archivierte Konzertprogramme<\/a><br>Das gro\u00dfe Gemeinschaftsgef\u00fchl, das unser Orchester zusammenh\u00e4lt, entsteht auch durch gemeinsame au\u00dfermusikalische Aktivit\u00e4ten, wie Grillabende oder Ausfl\u00fcge.<br>Dazu geh\u00f6ren ebenso die Veranstaltungen unseres F\u00f6rdervereins, der IG Blasmusik (z.B. die Bewirtschaftung bei der G\u00e4sselkerwe), bei denen das Engagement der MusikerInnen gefragt ist.<br>Bei all dem sind wir mit viel Freude und Enthusiasmus f\u00fcr unser Orchester dabei!<\/p>\n\n\n\n<figure class=\"wp-block-image size-large\"><img decoding=\"async\" loading=\"lazy\" width=\"1024\" height=\"683\" src=\"https:\/\/www.blasorchester-meckenheim.de\/wp-content\/uploads\/2024\/01\/02_IMG_1697-1024x683.jpg\" alt=\"\" class=\"wp-image-309\" srcset=\"https:\/\/www.blasorchester-meckenheim.de\/wp-content\/uploads\/2024\/01\/02_IMG_1697-1024x683.jpg 1024w, https:\/\/www.blasorchester-meckenheim.de\/wp-content\/uploads\/2024\/01\/02_IMG_1697-300x200.jpg 300w, https:\/\/www.blasorchester-meckenheim.de\/wp-content\/uploads\/2024\/01\/02_IMG_1697-768x512.jpg 768w, https:\/\/www.blasorchester-meckenheim.de\/wp-content\/uploads\/2024\/01\/02_IMG_1697-1536x1024.jpg 1536w, https:\/\/www.blasorchester-meckenheim.de\/wp-content\/uploads\/2024\/01\/02_IMG_1697-2048x1365.jpg 2048w\" sizes=\"(max-width: 1024px) 100vw, 1024px\" \/><\/figure>\n","protected":false},"excerpt":{"rendered":"<p>Unser Blasorchester steht f\u00fcr Vielfalt!Wir vereinen Jung und Alt,Holz und Blech,moderne und traditionelle Musik,n\u00fcchterne Proben und weinselige Fr\u00fchschoppen. Diese Vielfalt zeigt sich auch bei unseren Auftritten. Sie umfassen verschiedenste Anl\u00e4sse. Neben unserem regelm\u00e4\u00dfig im November stattfindenden Jahreskonzert spielen wir vor allem bei Veranstaltungen im Ort, wie zum Beispiel dem Adventssingen, dem Volkstrauertag oder nat\u00fcrlich der [&hellip;]<\/p>\n","protected":false},"author":2,"featured_media":0,"parent":0,"menu_order":0,"comment_status":"closed","ping_status":"closed","template":"","meta":[],"_links":{"self":[{"href":"https:\/\/www.blasorchester-meckenheim.de\/index.php?rest_route=\/wp\/v2\/pages\/234"}],"collection":[{"href":"https:\/\/www.blasorchester-meckenheim.de\/index.php?rest_route=\/wp\/v2\/pages"}],"about":[{"href":"https:\/\/www.blasorchester-meckenheim.de\/index.php?rest_route=\/wp\/v2\/types\/page"}],"author":[{"embeddable":true,"href":"https:\/\/www.blasorchester-meckenheim.de\/index.php?rest_route=\/wp\/v2\/users\/2"}],"replies":[{"embeddable":true,"href":"https:\/\/www.blasorchester-meckenheim.de\/index.php?rest_route=%2Fwp%2Fv2%2Fcomments&post=234"}],"version-history":[{"count":3,"href":"https:\/\/www.blasorchester-meckenheim.de\/index.php?rest_route=\/wp\/v2\/pages\/234\/revisions"}],"predecessor-version":[{"id":312,"href":"https:\/\/www.blasorchester-meckenheim.de\/index.php?rest_route=\/wp\/v2\/pages\/234\/revisions\/312"}],"wp:attachment":[{"href":"https:\/\/www.blasorchester-meckenheim.de\/index.php?rest_route=%2Fwp%2Fv2%2Fmedia&parent=234"}],"curies":[{"name":"wp","href":"https:\/\/api.w.org\/{rel}","templated":true}]}}