{"id":23,"date":"2018-12-28T12:18:09","date_gmt":"2018-12-28T12:18:09","guid":{"rendered":"http:\/\/neu.blasorchester-meckenheim.de\/?page_id=23"},"modified":"2019-01-19T20:47:18","modified_gmt":"2019-01-19T20:47:18","slug":"repertoire","status":"publish","type":"page","link":"https:\/\/www.blasorchester-meckenheim.de\/?page_id=23","title":{"rendered":"Repertoire"},"content":{"rendered":"\n<p><strong>Jahreskonzert 17. November 2018<\/strong><\/p>\n\n\n\n<table class=\"wp-block-table\"><tbody><tr><td><strong>Siyahamba<\/strong><\/td><td>Luigi di Ghisallo<\/td><\/tr><tr><td><strong>Funkytown<\/strong><\/td><td>Steven Greenberg<br>arr. Johnnie Vinson<\/td><\/tr><tr><td><strong>The Best of Queen<\/strong><\/td><td>arr. Paul Murtha<\/td><\/tr><tr><td><strong>Rise of the Firebird<\/strong><\/td><td>Steven Reineke<\/td><\/tr><tr><td><strong>Adebars Reise<\/strong><\/td><td>Markus G\u00f6tz<\/td><\/tr><tr><td><strong>Toumana Pictures<\/strong><\/td><td>Frede Gines<\/td><\/tr><tr><td><strong>Funk Attack<\/strong><\/td><td>Otto M. Schwarz<\/td><\/tr><tr><td><strong>Summon the Heroes<\/strong><\/td><td>John Williams<\/td><\/tr><tr><td><strong>Adventure!<\/strong><\/td><td>Markus G\u00f6tz<\/td><\/tr><tr><td><strong>Out of Africa<\/strong><\/td><td>John Barry<br>arr. Johan de Meij<\/td><\/tr><tr><td><strong>Twins<\/strong><\/td><td>Jan Hadermann<\/td><\/tr><tr><td><strong>Tanz der Vampire<\/strong><\/td><td>Jim Steinman<br>arr. Wolfgang W\u00f6ssner<\/td><\/tr><tr><td><strong>Thank you for the Music<\/strong><\/td><td>Benny Andersson, Bj\u00f6rn Ulvaeus<br>arr. Don Campbell<\/td><\/tr><\/tbody><\/table>\n\n\n\n<p><strong>Fr\u00fchjahrskonzert 06. Mai 2018<\/strong><\/p>\n\n\n\n<table class=\"wp-block-table\"><tbody><tr><td>\n<strong>Disney Film Favorites<br><\/strong>\n<\/td><td>\narr.: Johnnie Vinson\n<\/td><\/tr><tr><td>\n<strong>Yellow Mountains<br><\/strong>\n<\/td><td>\nJacob de Haan\n<\/td><\/tr><tr><td>\n<strong>Appalachian Overture<br><\/strong>\n<\/td><td>\nJames Barnes\n<\/td><\/tr><tr><td>\n<strong>Air<\/strong>\n<\/td><td>\nJohann Sebastian Bach<br>arr.: Willy Hautvast\n<\/td><\/tr><tr><td>\n<strong>Oregon<\/strong>\n<\/td><td>\nJacob de Haan\n<\/td><\/tr><tr><td>\n<strong>Fiesta en la Caleta<\/strong>\n<\/td><td>\nJaime Texidor Dalmau\n<\/td><\/tr><tr><td>\n<strong>Mar i Bel<\/strong>\n<\/td><td>\nFerrer Ferran\n<\/td><\/tr><tr><td>\n<strong>Robin Hood Prince of Thieves<br><\/strong>\n<\/td><td>Michael Kamen<br>arr.: Paul Lavender<\/td><\/tr><tr><td>\n<strong>Abel Tasman<br><\/strong>\n<\/td><td>\nAlexander Pfluger\n<\/td><\/tr><tr><td>\n<strong>Cornfield Rock<br><\/strong>\n<\/td><td>\nJacob de Haan\n<\/td><\/tr><tr><td>\n<strong>Star Trek &#8211; The Inner Light<\/strong>\n<\/td><td>\nJay Chattaway<br>arr.: Bernd Gaudera\n<\/td><\/tr><\/tbody><\/table>\n\n\n\n<p><strong>Jahreskonzert 11. November 2017 &#8211; \u201eDie Elemente\u201c<br><\/strong><\/p>\n\n\n\n<table class=\"wp-block-table\"><tbody><tr><td>\n<strong>Feuerwerksmusik, Ouverture<br><\/strong>\n<\/td><td>G.F. H\u00e4ndel <\/td><\/tr><tr><td>\n<strong>Flashing Winds<br><\/strong>\n<\/td><td>Jan van der Roost <\/td><\/tr><tr><td><strong>Colonel Bogey<\/strong><\/td><td>Kenneth J. Alford<\/td><\/tr><tr><td>\n<strong>Las Playas de Rio<br><\/strong>\n<\/td><td>Kees Vlak <\/td><\/tr><tr><td>\n<strong>Yellow Mountains<br><\/strong>\n<\/td><td>Jacob de Haan<\/td><\/tr><tr><td>\n<strong>The Tempest<br><\/strong>\n<\/td><td>Robert W. Smith <\/td><\/tr><tr><td>\n<strong>Pirates of the Carribean<br><\/strong>\n<\/td><td>Klaus Badelt<br>arr.: Michael Sweeney <\/td><\/tr><tr><td>\n<strong>Pacific Dreams<br><\/strong>\n<\/td><td>Jacob de Haan<\/td><\/tr><tr><td>\n<strong>Feuerwerksmusik, La R\u00e9jouissance<br><\/strong>\n<\/td><td>G. F. H\u00e4ndel <\/td><\/tr><tr><td>\n<strong>Mississippi Melody<br><\/strong>\n<\/td><td>Fantasie \u00fcber das Lied &#8222;Swannee River&#8220; <\/td><\/tr><tr><td>\n<strong>Conquest of Paradise<br><\/strong>\n<\/td><td>Vangelis <\/td><\/tr><tr><td>\n<strong>Rauschende Birken<br><\/strong>\n<\/td><td>Ernst Mosch<\/td><\/tr><tr><td>\n<strong>Habitiat, Visions of a fragile Planet<\/strong>\n<\/td><td>John Higgins<\/td><\/tr><tr><td>\n<strong>Dem Land Tirol die Treue<\/strong>\n<\/td><td>Florian Pedarnig<\/td><\/tr><tr><td>\n<strong>Chariots of Fire<\/strong>\n<\/td><td>Vangelis<\/td><\/tr><tr><td>\n<strong>Earth, Wind and Fire<\/strong>\n<\/td><td>arr: Richard Saucedo<\/td><\/tr><tr><td>\n<strong>Berliner Luft<\/strong>\n<\/td><td>Paul Linke<\/td><\/tr><\/tbody><\/table>\n\n\n\n<p><strong>Jahreskonzert 5. November 2016 &#8211; \u201eVon der Alten in die Neue Welt\u201c<br><\/strong><\/p>\n\n\n\n<table class=\"wp-block-table\"><tbody><tr><td>\n<strong>Abel Tasman<br><\/strong>\n<\/td><td>\nAlexander Pfluger\n<\/td><\/tr><tr><td>\n<strong>The Legend of Maracaibo<br><\/strong>\n<\/td><td>\nJos\u00e9 Alberto Pina\n<\/td><\/tr><tr><td><strong>Auf einem persischen Markt<\/strong><\/td><td>\nAlbert W. Ket\u00e8lbey<br>arr.: E. Schmidt-K\u00f6then\n<\/td><\/tr><tr><td>\n<strong>Samson &amp; Delilah Bacchanale<br><\/strong>\n<\/td><td>\nCamille Saint-Saens<br>arr.: Paul Hanna\n<\/td><\/tr><tr><td>\n<strong>The Sound of Music<br><\/strong>\n<\/td><td>\nRichard Rodgers &amp; Oscar Hammerstein<br>arr.: Naohiro Iwai\n<\/td><\/tr><tr><td>\n<strong>20th Century Fox Overture<br><\/strong>\n<\/td><td>\nAlfred Newman\n<\/td><\/tr><tr><td>\n<strong>Les Mis\u00e9rables<br><\/strong>\n<\/td><td>\nClaude Michel Sch\u00f6nberg<br>arr.: Marcel Peeters\n<\/td><\/tr><tr><td>\n<strong>The Typewriter<br><\/strong>\n<\/td><td>\nLeroy Anderson<br>arr.: J. V. D. Heyde\n<\/td><\/tr><tr><td>\n<strong>Variazioni in Blue<br><\/strong>\n<\/td><td>\nJacob de Haan\n<\/td><\/tr><tr><td>\n<strong>Revival Rag 1920<br><\/strong>\n<\/td><td>\nJan Stoeckart<br>arr.: Marcel Peeters\n<\/td><\/tr><tr><td>\n<strong>Frank Sinatra in Concert<br><\/strong>\n<\/td><td>\narr.: Norber Studnitzky\n<\/td><\/tr><tr><td>\n<strong>Pie in the Face Polka<br><\/strong>\n<\/td><td>\nHenry Mancini<br>arr.: Johnnie Vinson\n<\/td><\/tr><\/tbody><\/table>\n\n\n\n<p><strong>Jahreskonzert 7. November 2015 &#8211; \u201eKindheitserinnerungen\u201c<br><\/strong><\/p>\n\n\n\n<table class=\"wp-block-table\"><tbody><tr><td>\n<strong>Toyland Suite<br><\/strong>\n<\/td><td>\nFerrer Ferran\n<\/td><\/tr><tr><td>\n<strong>Baby Elephant Walk<br><\/strong>\n<\/td><td>\nHenry Mancini\n<\/td><\/tr><tr><td><strong>The Wizard of Oz<\/strong><\/td><td>\nHarold Arlen &amp; E.Y. Harburg<br>arr.: James Barnes\n<\/td><\/tr><tr><td>\n<strong>Mah-Na, Mah-Na<br><\/strong>\n<\/td><td>\nPiero Umiliani<br>arr.: Richard W. Bowler\n<\/td><\/tr><tr><td>\n<strong>Robin Hood Prince of Thieves<br><\/strong>\n<\/td><td>\nMichael Kamen<br>arr.: Paul Lavender\n<\/td><\/tr><tr><td>\n<strong>Winnetou &amp; Old Shatterhand<br><\/strong>\n<\/td><td>\nMartin B\u00f6tcher<br>arr.: Manfred Schneider\n<\/td><\/tr><tr><td>\n<strong>Abendsegen aus H\u00e4nsel und Gretel<br><\/strong>\n<\/td><td>\nEngelbert Humberdinck<br>arr.: Otto Wagner\n<\/td><\/tr><tr><td>\n<strong>The Pink Panther<br><\/strong>\n<\/td><td>\nHenry Mancini\n<\/td><\/tr><tr><td>\n<strong>Around the world in 80 days<br><\/strong>\n<\/td><td>\nOtto M. Schwarz\n<\/td><\/tr><tr><td>\n<strong>The Lion King<br><\/strong>\n<\/td><td>\narr.: John Higgin\n<\/td><\/tr><tr><td>\n<strong>(Meet) the Flintstones<br><\/strong>\n<\/td><td>\nJoseph Barbera, William Hanna, Hoyt Curtin<br>arr.: Roland Barrett\n<\/td><\/tr><tr><td>\n<strong>You&#8217;ve got a Friend in Me<br><\/strong>\n<\/td><td>\nRandy Newman<br>arr.: John Higgins\n<\/td><\/tr><tr><td>\n<strong>Children of Sanchez<br><\/strong>\n<\/td><td>\nChuck Mangione<br>arr.: Naohiro Iwai\n<\/td><\/tr><tr><td>\n<strong>Hurra Hurra<br><\/strong>\n<\/td><td>\narr.: Erwin Jahreis\n<\/td><\/tr><\/tbody><\/table>\n\n\n\n<p><strong>Jahreskonzert 8. November 2014 &#8211; \u201eDas kommt uns spanisch vor\u201c<br><\/strong><\/p>\n\n\n\n<table class=\"wp-block-table\"><tbody><tr><td>\n<strong>Overture Espa\u00f1ol<\/strong>\n<\/td><td>\nJohn Higgins\n<\/td><\/tr><tr><td>\n<strong>Espa\u00f1a Ca\u00f1\u00ed<\/strong>\n<\/td><td>\nPascual Marquina Narro\n<\/td><\/tr><tr><td>\n<strong>B\u00e9same mucho<\/strong>\n<\/td><td>\nConsuelo Vel\u00e1zquez<br>arr.: Karel Kokelaar\n<\/td><\/tr><tr><td>\n<strong>La Virgen de La Macarena<\/strong>\n<\/td><td>\narr.: Calvin Custer\n<\/td><\/tr><tr><td>\n<strong>Estudiantina<\/strong>\n<\/td><td>\nEmil Waldteufel<br>arr.: Siegfried Rundel\n<\/td><\/tr><tr><td>\n<strong>Mar i Bel<\/strong>\n<\/td><td>\nFerrer Ferran\n<\/td><\/tr><tr><td>\n<strong>Spanish fever<\/strong>\n<\/td><td>\nJay Chattaway\n<\/td><\/tr><tr><td>\n<strong>Carmen-Marsch<\/strong>\n<\/td><td>\nGeorges Bizet<br>arr.: Heinz Herrmannsd\u00f6rfer\n<\/td><\/tr><tr><td>\n<strong>Fiesta en la Caleta<\/strong>\n<\/td><td>\nJaime Texidor Dalmau\n<\/td><\/tr><tr><td>\n<strong>Aires Vascos No. 1<\/strong>\n<\/td><td>\nJos\u00e9 Franco\n<\/td><\/tr><tr><td>\n<strong>Spanish eyes<\/strong>\n<\/td><td>\nBert Kaempfert<br>arr.: Willy Hautvast\n<\/td><\/tr><tr><td>\n<strong>The Mask of Zorro<\/strong>\n<\/td><td>\nJames Horner<br>arr.: John Moss\n<\/td><\/tr><tr><td>\n<strong>Un Poco Espanol<\/strong>\n<\/td><td>\nHarm Evers\n<\/td><\/tr><tr><td>\n&nbsp;\n<strong>Eviva Espa\u00f1a<\/strong>\n<\/td><td>\nLeo Caerts<br>arr.: Norman Tailor\n<\/td><\/tr><\/tbody><\/table>\n\n\n\n<p><strong>Fr\u00fchjahrskonzert 30. M\u00e4rz 2014<\/strong><\/p>\n\n\n\n<table class=\"wp-block-table\"><tbody><tr><td>\n<strong>Ross Roy<\/strong>\n<\/td><td>\nJacob de Haan\n<\/td><\/tr><tr><td>\n<strong>Espa\u00f1a Ca\u00f1\u00ed<\/strong>\n<\/td><td>\nPascuale Marquina Narro\n<\/td><\/tr><tr><td>\n<strong>Queens Park Melody<\/strong>\n<\/td><td>\nJacob de Haan\n<\/td><\/tr><tr><td>\n<strong>Air<\/strong>\n<\/td><td>\nJohann Sebastian Bach<br>arr.: Willy Hautvast\n<\/td><\/tr><tr><td>\n<strong>Mar i Bel<\/strong>\n<\/td><td>\nFerrer Ferran\n<\/td><\/tr><tr><td>\n<strong>Largo <\/strong>&nbsp;&nbsp;\naus der Symphonie\u201eAus der neuen Welt\u201c\n<\/td><td>\nAnton\u00edn Dvo\u0159\u00e1k<br>arr.: Stephen Bulla\n<\/td><\/tr><tr><td>\n<strong>The cream of Clapton<\/strong>\n<\/td><td>\nEric Clapton<br>arr.: Ron Sebregts\n<\/td><\/tr><tr><td>\n<strong>Die Schlittschuhl\u00e4ufer<\/strong>\n<\/td><td>\nEmil Waldteufel<br>arr.: V\u00e1clav Hyb\u0161, Freek Mestrini\n<\/td><\/tr><tr><td>\n<strong>Oregon<\/strong>\n<\/td><td>\nJacob de Haan\n<\/td><\/tr><\/tbody><\/table>\n\n\n\n<p><strong>Jahreskonzert 10. November 2012<\/strong><\/p>\n\n\n\n<table class=\"wp-block-table\"><tbody><tr><td>\n<strong>Guardians of Peace<\/strong>\n<\/td><td>\nJames L. Hosay\n<\/td><\/tr><tr><td>\n<strong>My Way<\/strong>\n<\/td><td>\nClaude Fran\u00e7ois, Jacques Revaux<br>arr.: Wim Dollekamp\n<\/td><\/tr><tr><td>\n<strong>Selections from &#8222;The Fiddler on the Roof&#8220;&nbsp;<\/strong>\n(Anatevka)\n<\/td><td>\nJerry Bock<br>arr.: Bob Lowden\n<\/td><\/tr><tr><td>\n<strong>Pirates of the Caribbean<\/strong>\n<\/td><td>\nKlaus Badelt <br>arr.: Ted Ricketts\n<\/td><\/tr><tr><td>\n<strong>2nd Suite in F<\/strong>\n<\/td><td>\nGustav Holst<br>arr.: Colin Matthews\n<\/td><\/tr><tr><td>\n<strong>Jurassic Park<\/strong>\n<\/td><td>\nJohn Williams<br>arr.: Jay Bocook\n<\/td><\/tr><tr><td>\n<strong>The Lady is a Vamp<\/strong>\n<\/td><td>\nSpice Girls<br>arr.: Ralf Rudolph\n<\/td><\/tr><tr><td>\n<strong>Starlight Express<\/strong>\n<\/td><td>\nAndrew Lloyd Webber<br>arr.: Jerry Nowak\n<\/td><\/tr><tr><td>\n<strong>The Lord of the Rings<\/strong>\n<\/td><td>\nJohan de Meij<br>arr.:Paul Lavender\n<\/td><\/tr><tr><td>\n<strong>Summertime <\/strong>&nbsp;&nbsp;\naus der Oper &#8222;Porgy und Bess&#8220;\n<\/td><td>\nGeorge Gershwin<br>arr.: Kat van Jaroc\n<\/td><\/tr><tr><td>\n<strong>Oregon<\/strong>\n<\/td><td>\nJacob de Haan\n<\/td><\/tr><\/tbody><\/table>\n\n\n\n<p><strong>Fr\u00fchlingskonzert 2012<\/strong><\/p>\n\n\n\n<table class=\"wp-block-table\"><tbody><tr><td>\n<strong>Flashing Winds<\/strong>\n<\/td><td>\nJan van der Roost\n<\/td><\/tr><tr><td>\n<strong>Morgenstimmung<\/strong>\n<\/td><td>\nEdvard Grieg<br>arr.: Vladim\u00edr Studni\u010dka\n<\/td><\/tr><tr><td>\n<strong>Das Beste aus &#8222;Maske in Blau&#8220;<\/strong>\n<\/td><td>\nFred Raymond<br>arr.: Walter Tuschla\n<\/td><\/tr><tr><td>\n<strong>Over the Rainbow&nbsp;<\/strong>\n<\/td><td>\nHarold Arlen<br>arr.: Warren Barker\n<\/td><\/tr><tr><td>\n<strong>Starlight Express<\/strong>\n<\/td><td>\nAndrew Lloyd Webber<br>arr.: Jerry Nowak\n<\/td><\/tr><tr><td>\n<strong>The light of the world<\/strong>\n<\/td><td>\nDean Goffin<br>arr.: Klaas van der Woude\n<\/td><\/tr><tr><td>\n<strong>Earth, wind and fire in Cocert<\/strong>\n<\/td><td>\narr.: Richard Saucedo\n<\/td><\/tr><tr><td>\n<strong>Aquarius\/ Let the sunshine in &nbsp;<\/strong>&nbsp;\naus dem Musical &#8222;Hair&#8220;\n<\/td><td>\nGalt MacDermot<br>arr.: J\u00e9rome Thomas\n<\/td><\/tr><\/tbody><\/table>\n\n\n\n<p><strong>Jahreskonzert 5. November 2011<\/strong><\/p>\n\n\n\n<table class=\"wp-block-table\"><tbody><tr><td>\n<strong>Dare to Dream<\/strong>\n<\/td><td>\nPaul Begaud, Vanessa Corish, Wayne Tester<br>arr.: Jerry Brubaker\n<\/td><\/tr><tr><td>\n<strong>Strike up the Band<\/strong>\n<\/td><td>\nGeorge Gershwin, Ira Gershwin<br>arr.: Warren Barker\n<\/td><\/tr><tr><td>\n<strong>The Last Rose of Summer &nbsp; &nbsp; &nbsp; &nbsp; &nbsp; &nbsp; &nbsp; &nbsp; &nbsp; &nbsp; &nbsp; &nbsp; &nbsp; &nbsp;&nbsp;<\/strong>\n<\/td><td>\nFriedrich von Flotow\n<\/td><\/tr><tr><td>\n<strong>Lord Tullamore<\/strong>\n<\/td><td>\nCarl Wittrock\n<\/td><\/tr><tr><td>\n<strong>Handel&nbsp; in the Strand<\/strong>\n<\/td><td>\nPercy Aldridge Grainger\n<\/td><\/tr><tr><td>\n<strong>Embraceabel You<\/strong>\n<\/td><td>\nGeorge Gershwin, Ira Gershwin<br>arr.: Warren Barker\n<\/td><\/tr><tr><td>\n<strong>Scotland the Brave<\/strong>\n<\/td><td>\narr. Norman Richardson\n<\/td><\/tr><tr><td>\n<strong>Mull of Kintyre<\/strong>\n<\/td><td>\nPaul McCartney, Denny Laine\n<\/td><\/tr><tr><td>\n<strong>The Highlands<\/strong>\n<\/td><td>\nKees Vlak\n<\/td><\/tr><tr><td>\n<strong>Jig&nbsp;<\/strong>&nbsp;\naus &#8222;St Paul&#8217;s Suite&#8220;\n<\/td><td>\nGustav Holst\n<\/td><\/tr><tr><td>\n<strong>Ye Banks &amp; Braes o&#8216; Bonny Doon<\/strong>\n<\/td><td>\nPercy Aldridge Grainger\n<\/td><\/tr><tr><td>\n<strong>Rhapsody from Scotland<\/strong>\n<\/td><td>\nHenk von Lijnschooten\n<\/td><\/tr><tr><td>\n<strong>Highland Cathedral<\/strong>\n<\/td><td>\nMichael Korb, Uli Roever<br>arr.: Siegfried Rundel\n<\/td><\/tr><\/tbody><\/table>\n\n\n\n<p><strong>Fr\u00fchlingskonzert 10. April 2011<\/strong><\/p>\n\n\n\n<table class=\"wp-block-table\"><tbody><tr><td>\n<strong>Wassermusik<\/strong>&nbsp;\nTeil1\n<\/td><td>\nGeorg Friedrich H\u00e4ndel<br>arr.. Gosling Mol\n<\/td><\/tr><tr><td>\n<strong>Jackson Lake Overture<\/strong>\n<\/td><td>\nMark Williams\n<\/td><\/tr><tr><td>\n<strong>Steuermannslied<\/strong>\n<\/td><td>\nRichard Wagner<br>arr.: Karl Jugel-Janson\n<\/td><\/tr><tr><td>\n<strong>Show Boat<\/strong>\n<\/td><td>\nJerome Kern<br>arr.: Robert Russell Bennett\n<\/td><\/tr><tr><td>\n<strong>Beyond the Sea<\/strong>\n<\/td><td>\nCharles Trenet, Albert Lasry<br>arr.: Steve McMilian\n<\/td><\/tr><tr><td>\n<strong>Pirates of the Caribbean<\/strong>\n<\/td><td>\nKlaus Badelt<br>arr.: Ted Ricketts\n<\/td><\/tr><tr><td>\n<strong>Schlittschuhl\u00e4ufer<\/strong>\n<\/td><td>\nEmil Waldteufel<br>arr.: V\u00e1clav Hyb\u0161, Freek Mestrini\n<\/td><\/tr><tr><td>\n<strong>Indian Summer&nbsp;<\/strong>&nbsp;\nTeil 2\n<\/td><td>\nEric Ball\n<\/td><\/tr><tr><td>\n<strong>Wassermusik <\/strong>&nbsp;&nbsp;\nTeil 2 und 3\n<\/td><td>\nGeorg Friedrich H\u00e4ndel<br>arr.: Gosling Mol\n<\/td><\/tr><\/tbody><\/table>\n\n\n\n<p><strong>Jahreskonzert 6. November 2010<\/strong><\/p>\n\n\n\n<table class=\"wp-block-table\"><tbody><tr><td>\n<strong>Hochzeitsmarsch&nbsp;<\/strong>\n<\/td><td>\nFelix Mendelssohn Bartholdy<br>arr.: Karl Pfortner\n<\/td><\/tr><tr><td>\n<strong>Elsa&#8217;s Procession to the Cathedral<\/strong>\n<\/td><td>\nRichard Wagner<br>arr.: John Glenesk Mortimer\n<\/td><\/tr><tr><td>\n<strong>Im tiefen Keller<\/strong>\n<\/td><td>\nRichard Zettler\n<\/td><\/tr><tr><td>\n<strong>Twins<\/strong>\n<\/td><td>\nJan Hadermann\n<\/td><\/tr><tr><td>\n<strong>The Witch and the Saint<\/strong>\n<\/td><td>\nSteve Reineke\n<\/td><\/tr><tr><td>\n<strong>Beauty and the Beast<\/strong>\n<\/td><td>\nAlan Menken<br>arr.: Calvin Custer\n<\/td><\/tr><tr><td>\n<strong>Toyland Suite<\/strong>\n<\/td><td>\nFerrer Ferran\n<\/td><\/tr><tr><td>\n<strong>Das Phantom der Oper<\/strong>\n<\/td><td>\nAndrew Lloyd Webber<br>arr.: Johan de Meij\n<\/td><\/tr><tr><td>\n<strong>Vilja <\/strong>&nbsp; &nbsp;\naus &#8222;Die lustige Witwe&#8220;\n<\/td><td>\nFranz Lehar<br>arr.: Alfred Reed\n<\/td><\/tr><tr><td>\n<strong>Out of Africa<\/strong>\n<\/td><td>\nJohn Barry<br>arr.: Johan de Meij\n<\/td><\/tr><tr><td>\n<strong>Jesus Christ Superstar<\/strong>\n<\/td><td>\nAndrew Lloyd Webber<br>arr.: Willy Hautvast\n<\/td><\/tr><tr><td>\n<strong>Music<\/strong>\n<\/td><td>\nJohm Miles<br>arr.: Philip Sparke\n<\/td><\/tr><\/tbody><\/table>\n\n\n\n<p><strong>Jahreskonzert 7. November 2009<\/strong><\/p>\n\n\n\n<table class=\"wp-block-table\"><tbody><tr><td>\n<strong>Das gro\u00dfe Tor von Kiev<\/strong>\n<\/td><td>\nModest Mussorgski<br>arr.: Tohru Takahashi\n<\/td><\/tr><tr><td>\n<strong>Hochzeitsmarsch&nbsp;<\/strong>\n<\/td><td>\nFelix Mendelssohn Bartholdy<br>arr.: Karl Pfortner\n<\/td><\/tr><tr><td>\n<strong>Polka &amp; Finale <\/strong>&nbsp;&nbsp;\naus &#8222;Die verkaufte Braut&#8220;\n<\/td><td>\nBed\u0159ich Smetana<br>arr.:&nbsp; Viliam B\u00e9re\u0161\n<\/td><\/tr><tr><td>\n<strong>Abendsegen<\/strong>\n<\/td><td>\nEngelbert Humperdinck<br>arr.: Otto Wagner\n<\/td><\/tr><tr><td>\n<strong>The Lord of the Rings<\/strong>\n<\/td><td>\nJohan de Meij<br>arr.:Paul Lavender\n<\/td><\/tr><tr><td>\n<strong>Michael !<\/strong>\n<\/td><td>\narr.: Robert W. Smith\n<\/td><\/tr><tr><td>\n<strong>Ankunft der K\u00f6nigin von Saba<\/strong>\n<\/td><td>\nGeorg Friedrich H\u00e4ndel<br>arr.: Albert Loritz\n<\/td><\/tr><tr><td>\n<strong>Knightsbridge March<\/strong>\n<\/td><td>\nEric Coats\n<\/td><\/tr><tr><td>\n<strong>Nimrod<\/strong>\n<\/td><td>\nEdward Elgar<br>arr.: Jay Bocook\n<\/td><\/tr><tr><td>\n<strong>Fantasia on British Sea Songs<\/strong>\n<\/td><td>\nHenry Joseph Wood<br>arr.: W. J. Duthoit\n<\/td><\/tr><\/tbody><\/table>\n\n\n\n<p><strong>Zauberhaftes Konzert 20. Juni 2009<\/strong><\/p>\n\n\n\n<table class=\"wp-block-table\"><tbody><tr><td>\n<strong>Procession of the Sorcerers<\/strong>\n<\/td><td>\nRobert Buckley\n<\/td><\/tr><tr><td>\n<strong>Hercules<\/strong>\n<\/td><td>\nAlan Menken<br>arr. John Moss\n<\/td><\/tr><tr><td>\n<strong>Beauty and the Beast<\/strong>\n<\/td><td>\nAlan Menken<br>arr.: Calvin Custer\n<\/td><\/tr><tr><td>\n<strong>Toyland Suite<\/strong>\n<\/td><td>\nFerrer Ferran\n<\/td><\/tr><tr><td>\n<strong>Dschungelbuch<\/strong>\n<\/td><td>\nGeorg Bruns<br>arr.: John Moss\n<\/td><\/tr><tr><td>\n<strong>Aladdin<\/strong>\n<\/td><td>\nAlan Menken<br>arr.: Paul Jennings\n<\/td><\/tr><tr><td>\n<strong>The Lord of the Rings<\/strong>\n<\/td><td>\nJohan de Meij<br>arr.:Paul Lavender\n<\/td><\/tr><tr><td>\n<strong>Jurassic Park<\/strong>\n<\/td><td>\nJohn Williams<br>arr.: Jay Bocook\n<\/td><\/tr><\/tbody><\/table>\n\n\n\n<p><strong>Fr\u00fchlingskonzert 22. M\u00e4rz 2009<\/strong><\/p>\n\n\n\n<table class=\"wp-block-table\"><tbody><tr><td>\n<strong>Feuerwerksmusik <\/strong>&nbsp;\nTeil 1 &#8211; 3\n<\/td><td>\nGeorg Friedrich H\u00e4ndel<br>arr.: Edmund L\u00f6ffler\n<\/td><\/tr><tr><td>\n<strong>Sleeping Beauty Waltz \/ Dornr\u00f6schenwalzer<\/strong>\n<\/td><td>\nPjotr Iljitsch Tschaikowski<br>arr.: Plamen Kabaktschiev\n<\/td><\/tr><tr><td>\n<strong>Carmen Marsch<\/strong>\n<\/td><td>\nGeorges Bizet<br>arr.: Heinz Herrmannsd\u00f6rfer\n<\/td><\/tr><tr><td>\n<strong>Italian Polka<\/strong>\n<\/td><td>\nSergei Rachmaninow\narr.: Erik W. G. Leidz\u00e9n\n<\/td><\/tr><tr><td>\n<strong>Erinnerungen an Robert Stolz<\/strong>\n<\/td><td>\narr.. Walter Tuschla\n<\/td><\/tr><tr><td>\n<strong>2nd Suite in F<\/strong>\n<\/td><td>\nGustav Holst<br>arr.: Colin Matthews\n<\/td><\/tr><tr><td>\n<strong>Fate of the Gods<\/strong>\n<\/td><td>\nSteve Reineke\n<\/td><\/tr><tr><td>\n<strong>Feuerwerksmusik&nbsp;<\/strong>&nbsp;&nbsp;\nTeil 4 und 5\n<\/td><td>\nGeorg Friedrich H\u00e4ndel <br>arr.: Edmund L\u00f6ffler<\/td><\/tr><\/tbody><\/table>\n","protected":false},"excerpt":{"rendered":"<p>Jahreskonzert 17. November 2018 Siyahamba Luigi di Ghisallo Funkytown Steven Greenbergarr. Johnnie Vinson The Best of Queen arr. Paul Murtha Rise of the Firebird Steven Reineke Adebars Reise Markus G\u00f6tz Toumana Pictures Frede Gines Funk Attack Otto M. Schwarz Summon the Heroes John Williams Adventure! Markus G\u00f6tz Out of Africa John Barryarr. Johan de Meij [&hellip;]<\/p>\n","protected":false},"author":1,"featured_media":0,"parent":0,"menu_order":0,"comment_status":"closed","ping_status":"closed","template":"onecolumn-page.php","meta":[],"_links":{"self":[{"href":"https:\/\/www.blasorchester-meckenheim.de\/index.php?rest_route=\/wp\/v2\/pages\/23"}],"collection":[{"href":"https:\/\/www.blasorchester-meckenheim.de\/index.php?rest_route=\/wp\/v2\/pages"}],"about":[{"href":"https:\/\/www.blasorchester-meckenheim.de\/index.php?rest_route=\/wp\/v2\/types\/page"}],"author":[{"embeddable":true,"href":"https:\/\/www.blasorchester-meckenheim.de\/index.php?rest_route=\/wp\/v2\/users\/1"}],"replies":[{"embeddable":true,"href":"https:\/\/www.blasorchester-meckenheim.de\/index.php?rest_route=%2Fwp%2Fv2%2Fcomments&post=23"}],"version-history":[{"count":2,"href":"https:\/\/www.blasorchester-meckenheim.de\/index.php?rest_route=\/wp\/v2\/pages\/23\/revisions"}],"predecessor-version":[{"id":114,"href":"https:\/\/www.blasorchester-meckenheim.de\/index.php?rest_route=\/wp\/v2\/pages\/23\/revisions\/114"}],"wp:attachment":[{"href":"https:\/\/www.blasorchester-meckenheim.de\/index.php?rest_route=%2Fwp%2Fv2%2Fmedia&parent=23"}],"curies":[{"name":"wp","href":"https:\/\/api.w.org\/{rel}","templated":true}]}}