{"id":2,"date":"2016-05-10T03:48:21","date_gmt":"2016-05-10T03:48:21","guid":{"rendered":"http:\/\/neu.blasorchester-meckenheim.de\/?page_id=2"},"modified":"2024-01-24T19:19:48","modified_gmt":"2024-01-24T19:19:48","slug":"sample-page","status":"publish","type":"page","link":"https:\/\/www.blasorchester-meckenheim.de\/","title":{"rendered":"Startseite"},"content":{"rendered":"<p style=\"text-align: center;\">+++ Wir suchen einen Schlagzeuger! +++<\/p>\n<p style=\"text-align: left;\"><strong>Herzlich Willkommen!\u00a0<\/strong><\/p>\n<p><span style=\"font-family: Rubik;\">Unser Blasorchester besteht aus einer bunt gemischten Gruppe engagierter MusikerInnen aus Meckenheim und den umliegenden Ortschaften. Wir treffen uns einmal in der Woche, um gemeinsam zu musizieren, neue St\u00fccke zu erarbeiten und unser Repertoire immer mal wieder aufzufrischen. Dabei darf nat\u00fcrlich der Spa\u00df nicht zu kurz kommen.<\/span><\/p>\n<p><span style=\"font-family: Rubik;\">Wir laden Sie und euch herzlich dazu ein, auf den folgenden Seiten mehr \u00fcber uns zu erfahren.<\/span><\/p>\n<p>\u00a0<\/p>\n\n\n<figure class=\"wp-block-image\"><img decoding=\"async\" loading=\"lazy\" width=\"2560\" height=\"1709\" src=\"http:\/\/www.blasorchester-meckenheim.de\/wp-content\/uploads\/2024\/01\/01_IMG_16732-scaled.jpg\" alt=\"\" class=\"wp-image-306\" srcset=\"https:\/\/www.blasorchester-meckenheim.de\/wp-content\/uploads\/2024\/01\/01_IMG_16732-scaled.jpg 2560w, https:\/\/www.blasorchester-meckenheim.de\/wp-content\/uploads\/2024\/01\/01_IMG_16732-300x200.jpg 300w, https:\/\/www.blasorchester-meckenheim.de\/wp-content\/uploads\/2024\/01\/01_IMG_16732-1024x684.jpg 1024w, https:\/\/www.blasorchester-meckenheim.de\/wp-content\/uploads\/2024\/01\/01_IMG_16732-768x513.jpg 768w, https:\/\/www.blasorchester-meckenheim.de\/wp-content\/uploads\/2024\/01\/01_IMG_16732-1536x1026.jpg 1536w, https:\/\/www.blasorchester-meckenheim.de\/wp-content\/uploads\/2024\/01\/01_IMG_16732-2048x1367.jpg 2048w\" sizes=\"(max-width: 2560px) 100vw, 2560px\" \/><\/figure>\n","protected":false},"excerpt":{"rendered":"<p>+++ Wir suchen einen Schlagzeuger! +++ Herzlich Willkommen!\u00a0 Unser Blasorchester besteht aus einer bunt gemischten Gruppe engagierter MusikerInnen aus Meckenheim und den umliegenden Ortschaften. Wir treffen uns einmal in der Woche, um gemeinsam zu musizieren, neue St\u00fccke zu erarbeiten und unser Repertoire immer mal wieder aufzufrischen. Dabei darf nat\u00fcrlich der Spa\u00df nicht zu kurz kommen. [&hellip;]<\/p>\n","protected":false},"author":2,"featured_media":0,"parent":0,"menu_order":0,"comment_status":"closed","ping_status":"open","template":"","meta":[],"_links":{"self":[{"href":"https:\/\/www.blasorchester-meckenheim.de\/index.php?rest_route=\/wp\/v2\/pages\/2"}],"collection":[{"href":"https:\/\/www.blasorchester-meckenheim.de\/index.php?rest_route=\/wp\/v2\/pages"}],"about":[{"href":"https:\/\/www.blasorchester-meckenheim.de\/index.php?rest_route=\/wp\/v2\/types\/page"}],"author":[{"embeddable":true,"href":"https:\/\/www.blasorchester-meckenheim.de\/index.php?rest_route=\/wp\/v2\/users\/2"}],"replies":[{"embeddable":true,"href":"https:\/\/www.blasorchester-meckenheim.de\/index.php?rest_route=%2Fwp%2Fv2%2Fcomments&post=2"}],"version-history":[{"count":18,"href":"https:\/\/www.blasorchester-meckenheim.de\/index.php?rest_route=\/wp\/v2\/pages\/2\/revisions"}],"predecessor-version":[{"id":307,"href":"https:\/\/www.blasorchester-meckenheim.de\/index.php?rest_route=\/wp\/v2\/pages\/2\/revisions\/307"}],"wp:attachment":[{"href":"https:\/\/www.blasorchester-meckenheim.de\/index.php?rest_route=%2Fwp%2Fv2%2Fmedia&parent=2"}],"curies":[{"name":"wp","href":"https:\/\/api.w.org\/{rel}","templated":true}]}}